{"id":1733,"date":"2023-09-10T08:28:37","date_gmt":"2023-09-10T05:28:37","guid":{"rendered":"https:\/\/drmustafaozdemir.com\/en\/?page_id=1733"},"modified":"2023-09-10T08:58:54","modified_gmt":"2023-09-10T05:58:54","slug":"lipoliz-ve-sellulit-mezoterapisi","status":"publish","type":"page","link":"https:\/\/drmustafaozdemir.com\/en\/index.php\/estetik-uygulamalar\/lipoliz-ve-sellulit-mezoterapisi\/","title":{"rendered":"L\u0130POL\u0130Z VE SELL\u00dcL\u0130T MEZOTERAP\u0130S\u0130"},"content":{"rendered":"<section class=\"wpb-content-wrapper\"><p>[vc_row type=&#8221;vc_default&#8221; css=&#8221;.vc_custom_1474268037787{margin-bottom: -30px !important;padding-bottom: 30px !important;}&#8221;][vc_column offset=&#8221;vc_col-lg-12 vc_col-md-12 vc_col-xs-12&#8243;][vc_column_text]<\/p>\n<div class=\"hb-postcontent\">\n<div class=\"hb-postcontent\">\n<div class=\"hb-postcontent\">\n<div class=\"hb-postcontent\">\n<h2>L\u0130POL\u0130Z VE SELL\u00dcL\u0130T MEZOTERAP\u0130S\u0130<\/h2>\n<\/div>\n<div class=\"hb-description\">\n<p>&nbsp;<\/p>\n<div>\n<div>B\u00f6lgesel ya\u011flanma ve sel\u00fclit olan b\u00f6lgelerde ya\u011f dokusunu eritmeyi ama\u00e7layan medikal i\u00e7erikli enjeksiyon yoluyla uygulanan tedavi y\u00f6ntemidir.<\/div>\n<div><\/div>\n<div>Sell\u00fclit ve b\u00f6lgesel zay\u0131flama tedavisinde kullan\u0131l\u0131r. Bu y\u00f6ntemde ya\u011f eritici, sell\u00fclit giderici ve dola\u015f\u0131m d\u00fczenleyici ila\u00e7lar \u00a0yakla\u015f\u0131k 2 cm ara ile sell\u00fclitli b\u00f6lgeye enjekte edilmektedir.<\/div>\n<div><\/div>\n<div>Genellikle 1-2 haftada bir en az 8 seans olan mezoterapi i\u015flemi sel\u00fclitin derecesine g\u00f6re uygulan\u0131r.<\/div>\n<div><\/div>\n<\/div>\n<\/div>\n<\/div>\n<div class=\"hb-description\">\n<p><b>Sayfa i\u00e7eri\u011fi sadece bilgilendirme ama\u00e7l\u0131d\u0131r, tan\u0131 ve tedavi i\u00e7in mutlaka doktorunuza ba\u015fvurunuz.<\/b><\/p>\n<pre><strong>\u0130\u00e7erik G\u00fcncelleme Tarihi : 14.12.2022<\/strong><\/pre>\n<\/div>\n<\/div>\n<\/div>\n<p>[\/vc_column_text][\/vc_column][\/vc_row]<\/p>\n<\/section>","protected":false},"excerpt":{"rendered":"<p>[vc_row type=&#8221;vc_default&#8221; css=&#8221;.vc_custom_1474268037787{margin-bottom: -30px !important;padding-bottom: 30px !important;}&#8221;][vc_column offset=&#8221;vc_col-lg-12 vc_col-md-12 vc_col-xs-12&#8243;][vc_column_text] L\u0130POL\u0130Z VE SELL\u00dcL\u0130T MEZOTERAP\u0130S\u0130 &nbsp; B\u00f6lgesel ya\u011flanma ve sel\u00fclit olan b\u00f6lgelerde ya\u011f dokusunu eritmeyi ama\u00e7layan medikal i\u00e7erikli enjeksiyon yoluyla uygulanan tedavi y\u00f6ntemidir. Sell\u00fclit ve b\u00f6lgesel zay\u0131flama tedavisinde kullan\u0131l\u0131r. Bu y\u00f6ntemde ya\u011f eritici, sell\u00fclit giderici ve dola\u015f\u0131m d\u00fczenleyici ila\u00e7lar \u00a0yakla\u015f\u0131k 2 cm ara ile sell\u00fclitli b\u00f6lgeye&hellip;<\/p>\n","protected":false},"author":1,"featured_media":0,"parent":1284,"menu_order":0,"comment_status":"closed","ping_status":"closed","template":"","meta":{"inline_featured_image":false,"_joinchat":[]},"_links":{"self":[{"href":"https:\/\/drmustafaozdemir.com\/en\/index.php\/wp-json\/wp\/v2\/pages\/1733"}],"collection":[{"href":"https:\/\/drmustafaozdemir.com\/en\/index.php\/wp-json\/wp\/v2\/pages"}],"about":[{"href":"https:\/\/drmustafaozdemir.com\/en\/index.php\/wp-json\/wp\/v2\/types\/page"}],"author":[{"embeddable":true,"href":"https:\/\/drmustafaozdemir.com\/en\/index.php\/wp-json\/wp\/v2\/users\/1"}],"replies":[{"embeddable":true,"href":"https:\/\/drmustafaozdemir.com\/en\/index.php\/wp-json\/wp\/v2\/comments?post=1733"}],"version-history":[{"count":1,"href":"https:\/\/drmustafaozdemir.com\/en\/index.php\/wp-json\/wp\/v2\/pages\/1733\/revisions"}],"predecessor-version":[{"id":1734,"href":"https:\/\/drmustafaozdemir.com\/en\/index.php\/wp-json\/wp\/v2\/pages\/1733\/revisions\/1734"}],"up":[{"embeddable":true,"href":"https:\/\/drmustafaozdemir.com\/en\/index.php\/wp-json\/wp\/v2\/pages\/1284"}],"wp:attachment":[{"href":"https:\/\/drmustafaozdemir.com\/en\/index.php\/wp-json\/wp\/v2\/media?parent=1733"}],"curies":[{"name":"wp","href":"https:\/\/api.w.org\/{rel}","templated":true}]}}