{"id":1843,"date":"2023-09-10T18:54:07","date_gmt":"2023-09-10T15:54:07","guid":{"rendered":"https:\/\/drmustafaozdemir.com\/en\/?page_id=1843"},"modified":"2023-09-10T21:05:31","modified_gmt":"2023-09-10T18:05:31","slug":"application-form-information-text","status":"publish","type":"page","link":"https:\/\/drmustafaozdemir.com\/en\/index.php\/application-form-information-text\/","title":{"rendered":"Application Form Information Text"},"content":{"rendered":"<section class=\"wpb-content-wrapper\"><p>[vc_row type=&#8221;vc_default&#8221; css=&#8221;.vc_custom_1474268037787{margin-bottom: -30px !important;padding-bottom: 30px !important;}&#8221;][vc_column offset=&#8221;vc_col-lg-12 vc_col-md-12 vc_col-xs-12&#8243;][vc_column_text]<strong>Application Form Information Text<\/strong><\/p>\n<p>Prof. Dr. Mustafa \u00d6ZDEM\u0130R<\/p>\n<p>Specialist in Dermatology and Venereal Diseases<\/p>\n<p>Atak\u00f6y 7-8-9-10. Section District \u00c7oban\u00e7e\u015fme E-5 Parallel Road Atak\u00f6y Towers B Block No:76 Bak\u0131rk\u00f6y\/Istanbul<\/p>\n<p><a href=\"mailto:mustafaozdemir@yahoo.com\" target=\"_new\" rel=\"noopener\">mustafaozdemir@yahoo.com<\/a><\/p>\n<p>Information Regarding the Protection and Processing of Personal Data In accordance with Law No. 6698 on the Protection of Personal Data, the rights granted to individuals defined as data subjects in the Personal Data Protection Law include the right to &#8220;learn whether personal data is being processed, request information if personal data has been processed, learn the purpose of processing personal data and whether they are being used for their intended purpose, know the third parties to whom personal data is transferred domestically or internationally, request the correction of personal data if it is incomplete or incorrect, and request that such corrections be communicated to third parties to whom the personal data has been transferred, object to the emergence of a result against them through automated systems analyzing their data exclusively, and request the compensation of damages in case of harm due to the unlawful processing of personal data.&#8221;<\/p>\n<p>In the context of these rights, the data subject must submit their requests to the data controller in writing or through other methods determined by the Data Protection Authority. For written applications, we kindly request that you use the form provided in the attachment and submit your application to us through the communication channels listed below.<\/p>\n<p>The communication channels for written applications are as follows:<\/p>\n<p>Application Method Address for Submission of Application<\/p>\n<p>Information to be Specified in Application Submission<\/p>\n<p>In-person Application (The applicant personally visits and submits the application, providing proof of their identity)<\/p>\n<p>Atak\u00f6y 7-8-9-10. Section District \u00c7oban\u00e7e\u015fme E-5 Parallel Road Atak\u00f6y Towers B Block No:76 Bak\u0131rk\u00f6y\/Istanbul<\/p>\n<p>&#8220;Request for Information Pursuant to the Personal Data Protection Law&#8221; should be written on the envelope.<\/p>\n<p>Notary Public Delivery<\/p>\n<p>Atak\u00f6y 7-8-9-10. Section District \u00c7oban\u00e7e\u015fme E-5 Parallel Road Atak\u00f6y Towers B Block No:76 Bak\u0131rk\u00f6y\/Istanbul<\/p>\n<p>&#8220;Request for Information Pursuant to the Personal Data Protection Law&#8221; should be written on the notary public envelope.<\/p>\n<p>In written applications, the date of delivery of the documents to the data controller is considered the application date.<\/p>\n<p>If the data subject submits their application to us in accordance with the procedure, we will respond to the relevant request free of charge within the shortest time and no later than 30 (thirty) days, depending on the nature of the request. However, if the processing of the request requires an additional cost, a fee may be charged in accordance with the tariff determined by the Personal Data Protection Board.<\/p>\n<p>I present this information to you. Yours sincerely.<\/p>\n<p>Data Controller Specialist in Dermatology and Venereal Diseases Prof. Dr. Mustafa \u00d6ZDEM\u0130R[\/vc_column_text][\/vc_column][\/vc_row]<\/p>\n<\/section>","protected":false},"excerpt":{"rendered":"<p>[vc_row type=&#8221;vc_default&#8221; css=&#8221;.vc_custom_1474268037787{margin-bottom: -30px !important;padding-bottom: 30px !important;}&#8221;][vc_column offset=&#8221;vc_col-lg-12 vc_col-md-12 vc_col-xs-12&#8243;][vc_column_text]Application Form Information Text Prof. Dr. Mustafa \u00d6ZDEM\u0130R Specialist in Dermatology and Venereal Diseases Atak\u00f6y 7-8-9-10. Section District \u00c7oban\u00e7e\u015fme E-5 Parallel Road Atak\u00f6y Towers B Block No:76 Bak\u0131rk\u00f6y\/Istanbul mustafaozdemir@yahoo.com Information Regarding the Protection and Processing of Personal Data In accordance with Law No. 6698 on the&hellip;<\/p>\n","protected":false},"author":1,"featured_media":0,"parent":0,"menu_order":0,"comment_status":"closed","ping_status":"closed","template":"","meta":{"inline_featured_image":false,"_joinchat":[]},"_links":{"self":[{"href":"https:\/\/drmustafaozdemir.com\/en\/index.php\/wp-json\/wp\/v2\/pages\/1843"}],"collection":[{"href":"https:\/\/drmustafaozdemir.com\/en\/index.php\/wp-json\/wp\/v2\/pages"}],"about":[{"href":"https:\/\/drmustafaozdemir.com\/en\/index.php\/wp-json\/wp\/v2\/types\/page"}],"author":[{"embeddable":true,"href":"https:\/\/drmustafaozdemir.com\/en\/index.php\/wp-json\/wp\/v2\/users\/1"}],"replies":[{"embeddable":true,"href":"https:\/\/drmustafaozdemir.com\/en\/index.php\/wp-json\/wp\/v2\/comments?post=1843"}],"version-history":[{"count":3,"href":"https:\/\/drmustafaozdemir.com\/en\/index.php\/wp-json\/wp\/v2\/pages\/1843\/revisions"}],"predecessor-version":[{"id":1895,"href":"https:\/\/drmustafaozdemir.com\/en\/index.php\/wp-json\/wp\/v2\/pages\/1843\/revisions\/1895"}],"wp:attachment":[{"href":"https:\/\/drmustafaozdemir.com\/en\/index.php\/wp-json\/wp\/v2\/media?parent=1843"}],"curies":[{"name":"wp","href":"https:\/\/api.w.org\/{rel}","templated":true}]}}